{"id":41,"date":"2022-09-09T17:37:36","date_gmt":"2022-09-09T17:37:36","guid":{"rendered":"https:\/\/vf-consulting.ch\/?page_id=41"},"modified":"2022-10-24T10:41:51","modified_gmt":"2022-10-24T10:41:51","slug":"startseite","status":"publish","type":"page","link":"https:\/\/vf-consulting.ch\/","title":{"rendered":"Startseite"},"content":{"rendered":"\t\t<div data-elementor-type=\"wp-page\" data-elementor-id=\"41\" class=\"elementor elementor-41\" data-elementor-post-type=\"page\">\n\t\t\t\t<div class=\"elementor-element elementor-element-6ea595f e-con-full e-flex e-con e-parent\" data-id=\"6ea595f\" data-element_type=\"container\" data-e-type=\"container\" data-settings=\"{&quot;background_background&quot;:&quot;slideshow&quot;,&quot;background_slideshow_gallery&quot;:[{&quot;id&quot;:252,&quot;url&quot;:&quot;https:\\\/\\\/vf-consulting.ch\\\/wp-content\\\/uploads\\\/2022\\\/09\\\/shutterstock_1302294160-scaled.jpg&quot;}],&quot;shape_divider_bottom&quot;:&quot;tilt&quot;,&quot;background_slideshow_loop&quot;:&quot;yes&quot;,&quot;background_slideshow_slide_duration&quot;:5000,&quot;background_slideshow_slide_transition&quot;:&quot;fade&quot;,&quot;background_slideshow_transition_duration&quot;:500}\">\n\t\t\t\t<div class=\"elementor-shape elementor-shape-bottom\" aria-hidden=\"true\" data-negative=\"false\">\n\t\t\t<svg xmlns=\"http:\/\/www.w3.org\/2000\/svg\" viewBox=\"0 0 1000 100\" preserveAspectRatio=\"none\">\n\t<path class=\"elementor-shape-fill\" d=\"M0,6V0h1000v100L0,6z\"\/>\n<\/svg>\t\t<\/div>\n\t\t\t\t<\/div>\n\t\t<div class=\"elementor-element elementor-element-5fe5ec5 e-flex e-con-boxed e-con e-parent\" data-id=\"5fe5ec5\" data-element_type=\"container\" data-e-type=\"container\">\n\t\t\t\t\t<div class=\"e-con-inner\">\n\t\t\t\t<div class=\"elementor-element elementor-element-fd43503 elementor-widget elementor-widget-heading\" data-id=\"fd43503\" data-element_type=\"widget\" data-e-type=\"widget\" data-widget_type=\"heading.default\">\n\t\t\t\t<div class=\"elementor-widget-container\">\n\t\t\t\t\t<h2 class=\"elementor-heading-title elementor-size-default\"><h1 style=\"font-family: Oswald, sans-serif;font-weight: 500;font-size: 35px;white-space: normal\"><span style=\"color: var( --e-global-color-primary );font-family: var( --e-global-typography-primary-font-family ), Sans-serif;font-size: 2rem;font-weight: var( --e-global-typography-primary-font-weight );white-space: pre-wrap\">Schadstoffanalysen \u2013 Frei von Asbest, PCB, PAK &amp; Co<\/span><\/h1><\/h2>\t\t\t\t<\/div>\n\t\t\t\t<\/div>\n\t\t\t\t<div class=\"elementor-element elementor-element-6b2ff28 elementor-widget elementor-widget-text-editor\" data-id=\"6b2ff28\" data-element_type=\"widget\" data-e-type=\"widget\" data-widget_type=\"text-editor.default\">\n\t\t\t\t<div class=\"elementor-widget-container\">\n\t\t\t\t\t\t\t\t\t<p>Wenn die <strong>Gesundheit<\/strong> in den eigenen vier W\u00e4nden oder am Arbeitsplatz durch <strong>Schadstoffe<\/strong> gef\u00e4hrdet ist, kann eine Sanierung oder sogar ein Abriss des Geb\u00e4udes n\u00f6tig werden. Bei Umbau- oder Abbrucharbeiten kommt es h\u00e4ufig zu Problemen mit Schadstoffen. Besonders <strong>Asbest<\/strong> ist einer der h\u00e4ufigsten anzutreffenden <strong>Schadstoffe<\/strong>, da dieser bis 1990 verbaut wurde. Danach wurde asbesthaltiges Baumaterial verboten. Um dieses Risiko zu minimieren, sollte eine Schadstoffanalyse und Risikobeurteilung vor Beginn durchgef\u00fchrt werden. Durch diese <strong>Schadstoffanalyse<\/strong> k\u00f6nnen unvorhergesehene Kosten, Verz\u00f6gerungen und <strong>Gesundheitsrisiken<\/strong> vermieden werden. Als langj\u00e4hrige <strong>Schadstoffexperten<\/strong> k\u00f6nnen wir Sie beim n\u00e4chsten Bauvorhaben fachlich unterst\u00fctzen.<\/p>\n<p><span style=\"font-style: inherit; font-weight: inherit; text-align: var(--text-align); background-color: var(--ast-global-color-5); color: var(--ast-global-color-3);\">Zu den h\u00e4ufigsten Schadstoffen geh\u00f6ren:<\/span><br><\/p><p><span style=\"color: #00a0e3; font-family: -apple-system, BlinkMacSystemFont, 'Segoe UI', Roboto, 'Helvetica Neue', Arial, 'Noto Sans', sans-serif; font-size: 15px; font-weight: bold;\">&gt;&nbsp;<\/span><span style=\"background-color: var(--ast-global-color-5); color: var(--ast-global-color-3); font-family: var( --e-global-typography-text-font-family ), Sans-serif; font-style: inherit; font-weight: inherit; text-align: var(--text-align);\">Asbest und PCB&nbsp;<br><\/span><span style=\"color: #00a0e3; font-family: -apple-system, BlinkMacSystemFont, 'Segoe UI', Roboto, 'Helvetica Neue', Arial, 'Noto Sans', sans-serif; font-size: 15px; font-weight: bold;\">&gt;&nbsp;<\/span><span style=\"text-align: var(--text-align); background-color: var(--ast-global-color-5); color: var(--ast-global-color-3);\">(PCP) Holzschutzmittel<\/span><span style=\"background-color: var(--ast-global-color-5); font-style: inherit; text-align: var(--text-align);\"><br><\/span><span style=\"font-style: inherit; text-align: var(--text-align); background-color: var(--ast-global-color-5); color: #00a0e3; font-family: -apple-system, BlinkMacSystemFont, 'Segoe UI', Roboto, 'Helvetica Neue', Arial, 'Noto Sans', sans-serif; font-size: 15px; font-weight: bold;\">&gt;&nbsp;<\/span>(PAK)&nbsp;Polyzyklische aromatische Kohlenwasserstoffe<span style=\"font-style: inherit; text-align: var(--text-align); background-color: var(--ast-global-color-5);\"><br><\/span><span style=\"font-style: inherit; text-align: var(--text-align); background-color: var(--ast-global-color-5); color: #00a0e3; font-family: -apple-system, BlinkMacSystemFont, 'Segoe UI', Roboto, 'Helvetica Neue', Arial, 'Noto Sans', sans-serif; font-size: 15px; font-weight: bold;\">&gt;&nbsp;<\/span>Formaldehyd<span style=\"text-align: var(--text-align); background-color: var(--ast-global-color-5);\"><br><\/span><span style=\"font-style: inherit; text-align: var(--text-align); background-color: var(--ast-global-color-5); color: #00a0e3; font-family: -apple-system, BlinkMacSystemFont, 'Segoe UI', Roboto, 'Helvetica Neue', Arial, 'Noto Sans', sans-serif; font-size: 15px; font-weight: bold;\">&gt;&nbsp;<\/span><span style=\"font-style: inherit; font-weight: inherit; font-family: var( --e-global-typography-text-font-family ), Sans-serif; text-align: var(--text-align); color: var(--ast-global-color-3); background-color: var(--ast-global-color-5);\">Schimmel<\/span><\/p>\n<p>Wir von V&amp;F Consulting \u00fcbernehmen die Schadstoffanalyse f\u00fcr Sie und beraten Sie beim weiteren Vorgehen. Mithilfe einer umfassenden Schadstoffanalyse sch\u00fctzen Sie Eigent\u00fcmer und Handwerker, zus\u00e4tzlich k\u00f6nnen Folgekosten gespart werden.<\/p>\t\t\t\t\t\t\t\t<\/div>\n\t\t\t\t<\/div>\n\t\t\t\t\t<\/div>\n\t\t\t\t<\/div>\n\t\t<div class=\"elementor-element elementor-element-2634e96 e-flex e-con-boxed e-con e-parent\" data-id=\"2634e96\" data-element_type=\"container\" data-e-type=\"container\">\n\t\t\t\t\t<div class=\"e-con-inner\">\n\t\t\t\t<div class=\"elementor-element elementor-element-18b4dcb elementor-widget elementor-widget-heading\" data-id=\"18b4dcb\" data-element_type=\"widget\" data-e-type=\"widget\" data-widget_type=\"heading.default\">\n\t\t\t\t<div class=\"elementor-widget-container\">\n\t\t\t\t\t<h2 class=\"elementor-heading-title elementor-size-default\">Kontaktieren Sie uns!<br>Wir beraten Sie gerne.<br><\/h2>\t\t\t\t<\/div>\n\t\t\t\t<\/div>\n\t\t\t\t\t<\/div>\n\t\t\t\t<\/div>\n\t\t\t\t<section class=\"elementor-section elementor-top-section elementor-element elementor-element-c20e427 elementor-section-full_width elementor-section-height-default elementor-section-height-default\" data-id=\"c20e427\" data-element_type=\"section\" data-e-type=\"section\">\n\t\t\t\t\t\t<div class=\"elementor-container elementor-column-gap-default\">\n\t\t\t\t\t<div class=\"elementor-column elementor-col-100 elementor-top-column elementor-element elementor-element-a58c11d\" data-id=\"a58c11d\" data-element_type=\"column\" data-e-type=\"column\">\n\t\t\t<div class=\"elementor-widget-wrap elementor-element-populated\">\n\t\t\t\t\t\t<div class=\"elementor-element elementor-element-bcd7caf elementor-widget-divider--view-line elementor-widget elementor-widget-divider\" data-id=\"bcd7caf\" data-element_type=\"widget\" data-e-type=\"widget\" data-widget_type=\"divider.default\">\n\t\t\t\t<div class=\"elementor-widget-container\">\n\t\t\t\t\t\t\t<div class=\"elementor-divider\">\n\t\t\t<span class=\"elementor-divider-separator\">\n\t\t\t\t\t\t<\/span>\n\t\t<\/div>\n\t\t\t\t\t\t<\/div>\n\t\t\t\t<\/div>\n\t\t\t\t\t<\/div>\n\t\t<\/div>\n\t\t\t\t\t<\/div>\n\t\t<\/section>\n\t\t\t\t<section class=\"elementor-section elementor-top-section elementor-element elementor-element-79240fd elementor-section-full_width elementor-section-height-default elementor-section-height-default\" data-id=\"79240fd\" data-element_type=\"section\" data-e-type=\"section\">\n\t\t\t\t\t\t<div class=\"elementor-container elementor-column-gap-default\">\n\t\t\t\t\t<div class=\"elementor-column elementor-col-33 elementor-top-column elementor-element elementor-element-73f1c3e\" data-id=\"73f1c3e\" data-element_type=\"column\" data-e-type=\"column\" data-settings=\"{&quot;background_background&quot;:&quot;classic&quot;}\">\n\t\t\t<div class=\"elementor-widget-wrap elementor-element-populated\">\n\t\t\t\t\t\t<div class=\"elementor-element elementor-element-1359e52 elementor-view-default elementor-widget elementor-widget-icon\" data-id=\"1359e52\" data-element_type=\"widget\" data-e-type=\"widget\" data-widget_type=\"icon.default\">\n\t\t\t\t<div class=\"elementor-widget-container\">\n\t\t\t\t\t\t\t<div class=\"elementor-icon-wrapper\">\n\t\t\t<a class=\"elementor-icon\" href=\"\">\n\t\t\t<i aria-hidden=\"true\" class=\"fas fa-phone\"><\/i>\t\t\t<\/a>\n\t\t<\/div>\n\t\t\t\t\t\t<\/div>\n\t\t\t\t<\/div>\n\t\t\t\t<div class=\"elementor-element elementor-element-7853bc7 elementor-widget elementor-widget-text-editor\" data-id=\"7853bc7\" data-element_type=\"widget\" data-e-type=\"widget\" data-widget_type=\"text-editor.default\">\n\t\t\t\t<div class=\"elementor-widget-container\">\n\t\t\t\t\t\t\t\t\t<p><span style=\"color: #ffffff;\"><b>Telefon<br \/><\/b>078 240 10 20<\/span><br \/><span style=\"color: #ffffff;\">Mo bis Fr: 7.00 &#8211; 18.00 Uhr<\/span><\/p>\t\t\t\t\t\t\t\t<\/div>\n\t\t\t\t<\/div>\n\t\t\t\t\t<\/div>\n\t\t<\/div>\n\t\t\t\t<div class=\"elementor-column elementor-col-33 elementor-top-column elementor-element elementor-element-101ed93\" data-id=\"101ed93\" data-element_type=\"column\" data-e-type=\"column\" data-settings=\"{&quot;background_background&quot;:&quot;classic&quot;}\">\n\t\t\t<div class=\"elementor-widget-wrap elementor-element-populated\">\n\t\t\t\t\t\t<div class=\"elementor-element elementor-element-a7fa968 elementor-view-default elementor-widget elementor-widget-icon\" data-id=\"a7fa968\" data-element_type=\"widget\" data-e-type=\"widget\" data-widget_type=\"icon.default\">\n\t\t\t\t<div class=\"elementor-widget-container\">\n\t\t\t\t\t\t\t<div class=\"elementor-icon-wrapper\">\n\t\t\t<a class=\"elementor-icon\" href=\"http:\/\/info@vf-consulting.ch\">\n\t\t\t<i aria-hidden=\"true\" class=\"fas fa-envelope\"><\/i>\t\t\t<\/a>\n\t\t<\/div>\n\t\t\t\t\t\t<\/div>\n\t\t\t\t<\/div>\n\t\t\t\t<section class=\"elementor-section elementor-inner-section elementor-element elementor-element-3daef13 elementor-section-boxed elementor-section-height-default elementor-section-height-default\" data-id=\"3daef13\" data-element_type=\"section\" data-e-type=\"section\">\n\t\t\t\t\t\t<div class=\"elementor-container elementor-column-gap-default\">\n\t\t\t\t\t<div class=\"elementor-column elementor-col-100 elementor-inner-column elementor-element elementor-element-55c5341\" data-id=\"55c5341\" data-element_type=\"column\" data-e-type=\"column\">\n\t\t\t<div class=\"elementor-widget-wrap elementor-element-populated\">\n\t\t\t\t\t\t<div class=\"elementor-element elementor-element-850918a elementor-widget elementor-widget-text-editor\" data-id=\"850918a\" data-element_type=\"widget\" data-e-type=\"widget\" data-widget_type=\"text-editor.default\">\n\t\t\t\t<div class=\"elementor-widget-container\">\n\t\t\t\t\t\t\t\t\t<p style=\"text-align: center;\"><span style=\"color: #ffffff;\"><b>E-Mail<br \/><\/b>info@vf-consulting.ch<\/span><\/p>\t\t\t\t\t\t\t\t<\/div>\n\t\t\t\t<\/div>\n\t\t\t\t\t<\/div>\n\t\t<\/div>\n\t\t\t\t\t<\/div>\n\t\t<\/section>\n\t\t\t\t\t<\/div>\n\t\t<\/div>\n\t\t\t\t<div class=\"elementor-column elementor-col-33 elementor-top-column elementor-element elementor-element-08f9836\" data-id=\"08f9836\" data-element_type=\"column\" data-e-type=\"column\" data-settings=\"{&quot;background_background&quot;:&quot;classic&quot;}\">\n\t\t\t<div class=\"elementor-widget-wrap elementor-element-populated\">\n\t\t\t\t\t\t<section class=\"elementor-section elementor-inner-section elementor-element elementor-element-da2f455 elementor-section-boxed elementor-section-height-default elementor-section-height-default\" data-id=\"da2f455\" data-element_type=\"section\" data-e-type=\"section\">\n\t\t\t\t\t\t<div class=\"elementor-container elementor-column-gap-default\">\n\t\t\t\t\t<div class=\"elementor-column elementor-col-100 elementor-inner-column elementor-element elementor-element-2ba4a74\" data-id=\"2ba4a74\" data-element_type=\"column\" data-e-type=\"column\">\n\t\t\t<div class=\"elementor-widget-wrap elementor-element-populated\">\n\t\t\t\t\t\t<div class=\"elementor-element elementor-element-28631e3 elementor-view-default elementor-widget elementor-widget-icon\" data-id=\"28631e3\" data-element_type=\"widget\" data-e-type=\"widget\" data-widget_type=\"icon.default\">\n\t\t\t\t<div class=\"elementor-widget-container\">\n\t\t\t\t\t\t\t<div class=\"elementor-icon-wrapper\">\n\t\t\t<a class=\"elementor-icon\" href=\"https:\/\/www.google.de\/maps\/place\/Davoserweg+16,+7302+Landquart\/@46.9661712,9.5594167,17z\/data=!3m1!4b1!4m5!3m4!1s0x4784c9f4a0a86665:0xac0cca2f323e51cb!8m2!3d46.9661676!4d9.5616054\">\n\t\t\t<i aria-hidden=\"true\" class=\"fas fa-route\"><\/i>\t\t\t<\/a>\n\t\t<\/div>\n\t\t\t\t\t\t<\/div>\n\t\t\t\t<\/div>\n\t\t\t\t<div class=\"elementor-element elementor-element-e23fa40 elementor-widget elementor-widget-text-editor\" data-id=\"e23fa40\" data-element_type=\"widget\" data-e-type=\"widget\" data-widget_type=\"text-editor.default\">\n\t\t\t\t<div class=\"elementor-widget-container\">\n\t\t\t\t\t\t\t\t\t<p style=\"font-family: Roboto, sans-serif; text-align: center;\"><span style=\"color: #ffffff;\"><span style=\"font-size: 16px;\"><b>Adresse<\/b><\/span><span style=\"font-weight: bold; font-size: 16px;\"><br \/><\/span>Davoserwerg 16<\/span><br style=\"font-size: 16px;\" \/><span style=\"color: #ffffff;\">7203 Landquart<\/span><\/p>\t\t\t\t\t\t\t\t<\/div>\n\t\t\t\t<\/div>\n\t\t\t\t\t<\/div>\n\t\t<\/div>\n\t\t\t\t\t<\/div>\n\t\t<\/section>\n\t\t\t\t\t<\/div>\n\t\t<\/div>\n\t\t\t\t\t<\/div>\n\t\t<\/section>\n\t\t\t\t<section class=\"elementor-section elementor-top-section elementor-element elementor-element-410ef48 elementor-section-full_width elementor-section-height-default elementor-section-height-default\" data-id=\"410ef48\" data-element_type=\"section\" data-e-type=\"section\">\n\t\t\t\t\t\t<div class=\"elementor-container elementor-column-gap-default\">\n\t\t\t\t\t<div class=\"elementor-column elementor-col-100 elementor-top-column elementor-element elementor-element-300c89f\" data-id=\"300c89f\" data-element_type=\"column\" data-e-type=\"column\">\n\t\t\t<div class=\"elementor-widget-wrap elementor-element-populated\">\n\t\t\t\t\t\t<div class=\"elementor-element elementor-element-1e41e0f elementor-widget-divider--view-line elementor-widget elementor-widget-divider\" data-id=\"1e41e0f\" data-element_type=\"widget\" data-e-type=\"widget\" data-widget_type=\"divider.default\">\n\t\t\t\t<div class=\"elementor-widget-container\">\n\t\t\t\t\t\t\t<div class=\"elementor-divider\">\n\t\t\t<span class=\"elementor-divider-separator\">\n\t\t\t\t\t\t<\/span>\n\t\t<\/div>\n\t\t\t\t\t\t<\/div>\n\t\t\t\t<\/div>\n\t\t\t\t\t<\/div>\n\t\t<\/div>\n\t\t\t\t\t<\/div>\n\t\t<\/section>\n\t\t\t\t<\/div>\n\t\t","protected":false},"excerpt":{"rendered":"<p>Schadstoffanalysen \u2013 Frei von Asbest, PCB, PAK &#038; Co Wenn die Gesundheit in den eigenen vier W\u00e4nden oder am Arbeitsplatz durch Schadstoffe gef\u00e4hrdet ist, kann eine Sanierung oder sogar ein Abriss des Geb\u00e4udes n\u00f6tig werden. Bei Umbau- oder Abbrucharbeiten kommt es h\u00e4ufig zu Problemen mit Schadstoffen. Besonders Asbest ist einer der h\u00e4ufigsten anzutreffenden Schadstoffe, da &hellip;<\/p>\n<p class=\"read-more\"> <a class=\"\" href=\"https:\/\/vf-consulting.ch\/\"> <span class=\"screen-reader-text\">Startseite<\/span> Weiterlesen &raquo;<\/a><\/p>\n","protected":false},"author":1,"featured_media":0,"parent":0,"menu_order":0,"comment_status":"closed","ping_status":"closed","template":"elementor_header_footer","meta":{"site-sidebar-layout":"default","site-content-layout":"default","ast-global-header-display":"","ast-main-header-display":"","ast-hfb-above-header-display":"","ast-hfb-below-header-display":"","ast-hfb-mobile-header-display":"","site-post-title":"","ast-breadcrumbs-content":"","ast-featured-img":"","footer-sml-layout":"","theme-transparent-header-meta":"","adv-header-id-meta":"","stick-header-meta":"","header-above-stick-meta":"","header-main-stick-meta":"","header-below-stick-meta":"","footnotes":""},"class_list":["post-41","page","type-page","status-publish","hentry"],"_links":{"self":[{"href":"https:\/\/vf-consulting.ch\/index.php?rest_route=\/wp\/v2\/pages\/41","targetHints":{"allow":["GET"]}}],"collection":[{"href":"https:\/\/vf-consulting.ch\/index.php?rest_route=\/wp\/v2\/pages"}],"about":[{"href":"https:\/\/vf-consulting.ch\/index.php?rest_route=\/wp\/v2\/types\/page"}],"author":[{"embeddable":true,"href":"https:\/\/vf-consulting.ch\/index.php?rest_route=\/wp\/v2\/users\/1"}],"replies":[{"embeddable":true,"href":"https:\/\/vf-consulting.ch\/index.php?rest_route=%2Fwp%2Fv2%2Fcomments&post=41"}],"version-history":[{"count":306,"href":"https:\/\/vf-consulting.ch\/index.php?rest_route=\/wp\/v2\/pages\/41\/revisions"}],"predecessor-version":[{"id":758,"href":"https:\/\/vf-consulting.ch\/index.php?rest_route=\/wp\/v2\/pages\/41\/revisions\/758"}],"wp:attachment":[{"href":"https:\/\/vf-consulting.ch\/index.php?rest_route=%2Fwp%2Fv2%2Fmedia&parent=41"}],"curies":[{"name":"wp","href":"https:\/\/api.w.org\/{rel}","templated":true}]}}